{"id":314,"date":"2025-03-24T19:13:12","date_gmt":"2025-03-24T18:13:12","guid":{"rendered":"https:\/\/miradata.de\/?page_id=314"},"modified":"2025-04-01T17:50:55","modified_gmt":"2025-04-01T15:50:55","slug":"datenmanagement","status":"publish","type":"page","link":"https:\/\/www.miradata.de\/?page_id=314","title":{"rendered":"Datenmanagement"},"content":{"rendered":"\n<p>Datenmanagement: Wir bringen Ihre Daten in Ordnung<\/p>\n\n\n\n<p><strong>Daten sind der Schl\u00fcssel zum Erfolg<\/strong> \u2013 doch nur, wenn sie richtig verwaltet werden. Bei miradata bieten wir Ihrem Unternehmen ma\u00dfgeschneiderte L\u00f6sungen, um Ihre Daten optimal zu nutzen \u2013 durch Migration, Schnittstellenentwicklung und Datenbereinigung.<\/p>\n\n\n\n<p>Unser Fokus liegt auf L\u00f6sungen, die Ihnen helfen, Ihre Daten effizient zu organisieren und zu nutzen.<\/p>\n\n\n\n<p><strong>Unsere Leistungen im \u00dcberblick:<\/strong><\/p>\n\n\n\n<ul class=\"wp-block-list\">\n<li><strong>Schnittstellenentwicklung:<\/strong>&nbsp;Wir sorgen f\u00fcr eine nahtlose Kommunikation zwischen verschiedenen Systemen, damit Ihre Daten stets aktuell und zug\u00e4nglich sind.<\/li>\n\n\n\n<li><strong>Datenmigration:<\/strong>&nbsp;Der Wechsel zu neuen Systemen oder Plattformen kann komplex sein. Unsere Experten begleiten Sie sicher durch den Migrationsprozess, ohne dass es zu Datenverlust oder Unterbrechungen kommt.<\/li>\n\n\n\n<li><strong>Datenbereinigung:<\/strong>&nbsp;Wir analysieren und sanieren unstrukturierte oder fehlerhafte Daten, damit Sie auf pr\u00e4zise und verl\u00e4ssliche Informationen zugreifen k\u00f6nnen. Durch unsere Datenbereinigungsdienste bringen wir Ordnung in Ihre Daten.<\/li>\n\n\n\n<li><strong>Bestandsoptimierung:<\/strong> Anstatt bestehende Systeme einfach zu ersetzen, helfen wir Ihnen, diese durch umfassende Analysen und Weiterentwicklungen zu optimieren. So schonen Sie Ressourcen und steigern den Wert Ihrer Investitionen.<\/li>\n<\/ul>\n\n\n\n<p>Vertrauen Sie auf unsere Expertise im Datenmanagement und holen Sie das Beste aus Ihren Daten heraus.&nbsp;<\/p>\n","protected":false},"excerpt":{"rendered":"<p>Datenmanagement: Wir bringen Ihre Daten in Ordnung Daten sind der Schl\u00fcssel zum Erfolg \u2013 doch nur, wenn sie richtig verwaltet werden. Bei miradata bieten wir Ihrem Unternehmen ma\u00dfgeschneiderte L\u00f6sungen, um Ihre Daten optimal zu nutzen \u2013 durch Migration, Schnittstellenentwicklung und Datenbereinigung. Unser Fokus liegt auf L\u00f6sungen, die Ihnen helfen, Ihre Daten effizient zu organisieren und [&hellip;]<\/p>\n","protected":false},"author":1,"featured_media":528,"parent":0,"menu_order":0,"comment_status":"closed","ping_status":"closed","template":"","meta":{"footnotes":""},"class_list":["post-314","page","type-page","status-publish","has-post-thumbnail","hentry"],"_links":{"self":[{"href":"https:\/\/www.miradata.de\/index.php?rest_route=\/wp\/v2\/pages\/314","targetHints":{"allow":["GET"]}}],"collection":[{"href":"https:\/\/www.miradata.de\/index.php?rest_route=\/wp\/v2\/pages"}],"about":[{"href":"https:\/\/www.miradata.de\/index.php?rest_route=\/wp\/v2\/types\/page"}],"author":[{"embeddable":true,"href":"https:\/\/www.miradata.de\/index.php?rest_route=\/wp\/v2\/users\/1"}],"replies":[{"embeddable":true,"href":"https:\/\/www.miradata.de\/index.php?rest_route=%2Fwp%2Fv2%2Fcomments&post=314"}],"version-history":[{"count":11,"href":"https:\/\/www.miradata.de\/index.php?rest_route=\/wp\/v2\/pages\/314\/revisions"}],"predecessor-version":[{"id":379,"href":"https:\/\/www.miradata.de\/index.php?rest_route=\/wp\/v2\/pages\/314\/revisions\/379"}],"wp:featuredmedia":[{"embeddable":true,"href":"https:\/\/www.miradata.de\/index.php?rest_route=\/wp\/v2\/media\/528"}],"wp:attachment":[{"href":"https:\/\/www.miradata.de\/index.php?rest_route=%2Fwp%2Fv2%2Fmedia&parent=314"}],"curies":[{"name":"wp","href":"https:\/\/api.w.org\/{rel}","templated":true}]}}