{"id":316,"date":"2025-03-24T19:14:12","date_gmt":"2025-03-24T18:14:12","guid":{"rendered":"https:\/\/miradata.de\/?page_id=316"},"modified":"2025-04-01T17:48:36","modified_gmt":"2025-04-01T15:48:36","slug":"datensoveraenitaet","status":"publish","type":"page","link":"https:\/\/www.miradata.de\/?page_id=316","title":{"rendered":"Datensouver\u00e4nit\u00e4t"},"content":{"rendered":"\n<p><strong>Datensouver\u00e4nit\u00e4t \u2013 Ihre Daten, Ihre Kontrolle<\/strong><\/p>\n\n\n\n<p><strong>Daten sind das \u00d6l des 21. Jahrhunderts<\/strong> \u2013 umso wichtiger, dass Sie jederzeit die Kontrolle dar\u00fcber behalten. In einer zunehmend digitalisierten Welt ist Datensouver\u00e4nit\u00e4t essenziell f\u00fcr Unternehmen, Beh\u00f6rden und Organisationen jeder Gr\u00f6\u00dfe. Wer Kontrolle \u00fcber seine Daten beh\u00e4lt, sch\u00fctzt nicht nur sensible Informationen, sondern sichert auch langfristig seine Wettbewerbsf\u00e4higkeit.<\/p>\n\n\n\n<p><strong>Volle Kontrolle statt Abh\u00e4ngigkeit<\/strong><\/p>\n\n\n\n<p>Mit miradata bestimmen Sie selbst, wo und wie Ihre Daten gespeichert werden \u2013 unabh\u00e4ngig von gro\u00dfen Anbietern oder externen Serverstandorten. Unsere L\u00f6sungen bieten Ihnen:<\/p>\n\n\n\n<ul class=\"wp-block-list\">\n<li><strong>Maximale Sicherheit<\/strong>&nbsp;\u2013 Schutz vor unbefugtem Zugriff und Datenmissbrauch<\/li>\n\n\n\n<li><strong>Unabh\u00e4ngigkeit<\/strong>&nbsp;\u2013 Keine Abh\u00e4ngigkeit von internationalen Konzernen<\/li>\n\n\n\n<li><strong>Rechtssicherheit<\/strong>&nbsp;\u2013 DSGVO-konforme Speicherung und Verwaltung<\/li>\n<\/ul>\n\n\n\n<p><strong>Effiziente Datenverwaltung mit Nextcloud<\/strong><\/p>\n\n\n\n<p>Wir helfen Ihnen, sichere Kollaborationsplattformen wie&nbsp;<strong>Nextcloud<\/strong>&nbsp;und <strong>Jitsi <\/strong>aufzubauen \u2013 auf einem eigenen Server oder als hochverf\u00fcgbare Cloud-L\u00f6sung. So steuern Sie Ihre Daten selbst und erm\u00f6glichen effizientes, ortsunabh\u00e4ngiges Arbeiten.<\/p>\n\n\n\n<p><strong>Ihre Vorteile:<\/strong><br>\u2714 Weniger Verwaltungsaufwand<br>\u2714 Transparente und sichere Kommunikationswege<br>\u2714 Einfache Integration von Homeoffice-Arbeitspl\u00e4tzen<br>\u2714 Reduzierung von IT-Komplexit\u00e4t und Kosten<\/p>\n\n\n\n<p>Setzen Sie auf Datensouver\u00e4nit\u00e4t und holen Sie sich die Kontrolle \u00fcber Ihre Daten zur\u00fcck.&nbsp;Kontaktieren Sie unsere Experten \u2013 wir helfen Ihnen dabei, Ihre Datenflut professionell zu managen.<\/p>\n","protected":false},"excerpt":{"rendered":"<p>Datensouver\u00e4nit\u00e4t \u2013 Ihre Daten, Ihre Kontrolle Daten sind das \u00d6l des 21. Jahrhunderts \u2013 umso wichtiger, dass Sie jederzeit die Kontrolle dar\u00fcber behalten. In einer zunehmend digitalisierten Welt ist Datensouver\u00e4nit\u00e4t essenziell f\u00fcr Unternehmen, Beh\u00f6rden und Organisationen jeder Gr\u00f6\u00dfe. Wer Kontrolle \u00fcber seine Daten beh\u00e4lt, sch\u00fctzt nicht nur sensible Informationen, sondern sichert auch langfristig seine Wettbewerbsf\u00e4higkeit. [&hellip;]<\/p>\n","protected":false},"author":1,"featured_media":529,"parent":0,"menu_order":0,"comment_status":"closed","ping_status":"closed","template":"","meta":{"footnotes":""},"class_list":["post-316","page","type-page","status-publish","has-post-thumbnail","hentry"],"_links":{"self":[{"href":"https:\/\/www.miradata.de\/index.php?rest_route=\/wp\/v2\/pages\/316","targetHints":{"allow":["GET"]}}],"collection":[{"href":"https:\/\/www.miradata.de\/index.php?rest_route=\/wp\/v2\/pages"}],"about":[{"href":"https:\/\/www.miradata.de\/index.php?rest_route=\/wp\/v2\/types\/page"}],"author":[{"embeddable":true,"href":"https:\/\/www.miradata.de\/index.php?rest_route=\/wp\/v2\/users\/1"}],"replies":[{"embeddable":true,"href":"https:\/\/www.miradata.de\/index.php?rest_route=%2Fwp%2Fv2%2Fcomments&post=316"}],"version-history":[{"count":5,"href":"https:\/\/www.miradata.de\/index.php?rest_route=\/wp\/v2\/pages\/316\/revisions"}],"predecessor-version":[{"id":380,"href":"https:\/\/www.miradata.de\/index.php?rest_route=\/wp\/v2\/pages\/316\/revisions\/380"}],"wp:featuredmedia":[{"embeddable":true,"href":"https:\/\/www.miradata.de\/index.php?rest_route=\/wp\/v2\/media\/529"}],"wp:attachment":[{"href":"https:\/\/www.miradata.de\/index.php?rest_route=%2Fwp%2Fv2%2Fmedia&parent=316"}],"curies":[{"name":"wp","href":"https:\/\/api.w.org\/{rel}","templated":true}]}}