{"id":321,"date":"2025-03-24T19:15:46","date_gmt":"2025-03-24T18:15:46","guid":{"rendered":"https:\/\/miradata.de\/?page_id=321"},"modified":"2025-04-01T17:47:38","modified_gmt":"2025-04-01T15:47:38","slug":"wissenstransfer","status":"publish","type":"page","link":"https:\/\/www.miradata.de\/?page_id=321","title":{"rendered":"Wissenstransfer"},"content":{"rendered":"\n<p><strong>Wissensvermittlung: Know-how f\u00fcr nachhaltigen Erfolg<\/strong><\/p>\n\n\n\n<p>Die Grundlage f\u00fcr den Erfolg Ihres Projektes ist das Wissen Ihrer Mitarbeiterinnen und Mitarbeiter. Gerade in Zeiten des Fachkr\u00e4ftemangels ist kontinuierliche Weiterbildung entscheidend.&nbsp;Bei miradata bieten wir <strong>IT-Wissensvermittlung durch<\/strong> <strong>zielgerichtete Workshops<\/strong> &#8211; sowohl online als auch vor Ort.<\/p>\n\n\n\n<p>Unsere Workshops bereiten Ihr Team noch vor Projektbeginn auf die neuesten Technologien und L\u00f6sungen vor, damit der Erfolg Ihrer Projekte von Anfang an gesichert ist.<\/p>\n\n\n\n<p><strong>Lernen Sie von IT-Experten<\/strong><\/p>\n\n\n\n<p>Egal, ob Sie eine neue L\u00f6sung einf\u00fchren oder bestehende Systeme optimieren m\u00f6chten \u2013 wir vermitteln Ihrem Team das notwendige Fachwissen. Unsere Trainings sind flexibel und werden individuell auf Ihre spezifischen Bed\u00fcrfnisse und Themenbereiche abgestimmt. So stellen wir sicher, dass Ihre Mitarbeitenden nicht nur theoretisches Wissen erlangen, sondern dieses auch direkt in der Praxis anwenden k\u00f6nnen.<\/p>\n\n\n\n<p><strong>Kontaktieren Sie uns noch heute, um mehr zu erfahren und Ihr Team fit f\u00fcr die Zukunft zu machen.<\/strong><\/p>\n","protected":false},"excerpt":{"rendered":"<p>Wissensvermittlung: Know-how f\u00fcr nachhaltigen Erfolg Die Grundlage f\u00fcr den Erfolg Ihres Projektes ist das Wissen Ihrer Mitarbeiterinnen und Mitarbeiter. Gerade in Zeiten des Fachkr\u00e4ftemangels ist kontinuierliche Weiterbildung entscheidend.&nbsp;Bei miradata bieten wir IT-Wissensvermittlung durch zielgerichtete Workshops &#8211; sowohl online als auch vor Ort. Unsere Workshops bereiten Ihr Team noch vor Projektbeginn auf die neuesten Technologien und [&hellip;]<\/p>\n","protected":false},"author":1,"featured_media":531,"parent":0,"menu_order":0,"comment_status":"closed","ping_status":"closed","template":"","meta":{"footnotes":""},"class_list":["post-321","page","type-page","status-publish","has-post-thumbnail","hentry"],"_links":{"self":[{"href":"https:\/\/www.miradata.de\/index.php?rest_route=\/wp\/v2\/pages\/321","targetHints":{"allow":["GET"]}}],"collection":[{"href":"https:\/\/www.miradata.de\/index.php?rest_route=\/wp\/v2\/pages"}],"about":[{"href":"https:\/\/www.miradata.de\/index.php?rest_route=\/wp\/v2\/types\/page"}],"author":[{"embeddable":true,"href":"https:\/\/www.miradata.de\/index.php?rest_route=\/wp\/v2\/users\/1"}],"replies":[{"embeddable":true,"href":"https:\/\/www.miradata.de\/index.php?rest_route=%2Fwp%2Fv2%2Fcomments&post=321"}],"version-history":[{"count":4,"href":"https:\/\/www.miradata.de\/index.php?rest_route=\/wp\/v2\/pages\/321\/revisions"}],"predecessor-version":[{"id":378,"href":"https:\/\/www.miradata.de\/index.php?rest_route=\/wp\/v2\/pages\/321\/revisions\/378"}],"wp:featuredmedia":[{"embeddable":true,"href":"https:\/\/www.miradata.de\/index.php?rest_route=\/wp\/v2\/media\/531"}],"wp:attachment":[{"href":"https:\/\/www.miradata.de\/index.php?rest_route=%2Fwp%2Fv2%2Fmedia&parent=321"}],"curies":[{"name":"wp","href":"https:\/\/api.w.org\/{rel}","templated":true}]}}