{"id":335,"date":"2025-03-24T19:29:06","date_gmt":"2025-03-24T18:29:06","guid":{"rendered":"https:\/\/miradata.de\/?page_id=335"},"modified":"2025-03-24T19:35:43","modified_gmt":"2025-03-24T18:35:43","slug":"impressum","status":"publish","type":"page","link":"https:\/\/www.miradata.de\/?page_id=335","title":{"rendered":"Impressum"},"content":{"rendered":"\n<div class=\"wp-block-group has-global-padding is-layout-constrained wp-block-group-is-layout-constrained\">\n<p><strong>Angaben gem\u00e4\u00df \u00a7 5 TMG:<\/strong><\/p>\n\n\n\n<p>miradata e.K.<br>Conrad Beckert<br>Lindenstra\u00dfe 109<br>10969 Berlin<\/p>\n\n\n\n<p><strong>Verantwortlich f\u00fcr den Inhalt nach \u00a7 55 Abs. 2 RStV:<\/strong><\/p>\n\n\n\n<p>miradata e.K.<br>Conrad Beckert<br>Lindenstra\u00dfe 109<br>10969 Berlin<\/p>\n\n\n\n<p>Tel.: 030 657 091 82<br>Mobil: 0177 6688844<\/p>\n\n\n\n<p>conrad_b..miradata.de<\/p>\n\n\n\n<h2 class=\"wp-block-heading\"><strong>Urheberrecht<\/strong><\/h2>\n\n\n\n<p>Die vom Webseitenbetreiber erstellten Beitr\u00e4ge und Inhalte sowie die Website miradata.de insgesamt unterliegen dem deutschen Urheberrecht. Die Vervielf\u00e4ltigung, Bearbeitung, Verbreitung und jede Art der Verwertung au\u00dferhalb der Grenzen des Urheberrechtes bed\u00fcrfen der schriftlichen Zustimmung des Seitenbetreibers. Downloads und Kopien dieser Seiten sind nur f\u00fcr den privaten, nicht kommerziellen Gebrauch gestattet. Jede Form der Nachahmung ist verboten.<br>Inhalte Dritter werden ggf. als solche gekennzeichnet und die Urheberrechte entsprechend beachtet. Sollten Sie dennoch auf eine Urheberrechtsverletzung aufmerksam werden, bitten wir um einen entsprechenden Hinweis. Bei Bekanntwerden von Rechtsverletzungen werden wir die betreffenden Inhalte umgehend entfernen.<\/p>\n\n\n\n<h2 class=\"wp-block-heading\" id=\"block-5d0a1075-9ed7-4197-9e92-2bd1b35bcbd6\"><strong>Inhalte externer, verlinkter Websites<\/strong><\/h2>\n\n\n\n<p>Wir weisen ausdr\u00fccklich darauf hin, dass wir uns von den Inhalten der auf diese Homepage verlinkten Seiten distanzieren. Ferner weisen wir ausdr\u00fccklich darauf hin, dass wir keinerlei Einfluss auf die Inhalte der fremden Homepages haben. Sollten die fremden Seiten Verst\u00f6\u00dfe gegen die guten Sitten oder Gesetze enthalten, werden wir die Links zu diesen Seiten sofort nach Kenntnisnahme dieser Verst\u00f6\u00dfe l\u00f6schen.<\/p>\n\n\n\n<h2 class=\"wp-block-heading\"><strong>Abmahnung ohne vorherigen Kontakt<\/strong><\/h2>\n\n\n\n<p>Sofern der Eindruck entsteht, dass auf dieser Homepage m\u00f6glicherweise Schutzrechte verletzt werden, d. h. insbesondere gegen fremde Marken- oder Urheberrechte versto\u00dfen wird, werden Sie gebeten, uns dies umgehend per E-Mail mitzuteilen. Nach Pr\u00fcfung wird die beanstandete Passage entsprechend abge\u00e4ndert oder gel\u00f6scht werden.<br>Auf Grund der zuvor gemachten Zusage besteht keine Veranlassung, mit Hilfe eines Anwalts die Verletzung fremder Rechte zu r\u00fcgen. Es fehlt an einem entsprechenden Rechtsschutzbed\u00fcrfnis. Eine anwaltliche Abmahnung zur Beanstandung der Schutzrechtsverletzung ist nicht notwendig. Sollte dennoch ohne vorherige Kontaktaufnahme eine anwaltliche Abmahnung erfolgen, haben Sie die damit verbundenen Kosten allein zu tragen.<\/p>\n<\/div>\n","protected":false},"excerpt":{"rendered":"<p>Angaben gem\u00e4\u00df \u00a7 5 TMG: miradata e.K.Conrad BeckertLindenstra\u00dfe 10910969 Berlin Verantwortlich f\u00fcr den Inhalt nach \u00a7 55 Abs. 2 RStV: miradata e.K.Conrad BeckertLindenstra\u00dfe 10910969 Berlin Tel.: 030 657 091 82Mobil: 0177 6688844 conrad_b..miradata.de Urheberrecht Die vom Webseitenbetreiber erstellten Beitr\u00e4ge und Inhalte sowie die Website miradata.de insgesamt unterliegen dem deutschen Urheberrecht. Die Vervielf\u00e4ltigung, Bearbeitung, Verbreitung und [&hellip;]<\/p>\n","protected":false},"author":1,"featured_media":0,"parent":0,"menu_order":0,"comment_status":"closed","ping_status":"closed","template":"","meta":{"footnotes":""},"class_list":["post-335","page","type-page","status-publish","hentry"],"_links":{"self":[{"href":"https:\/\/www.miradata.de\/index.php?rest_route=\/wp\/v2\/pages\/335","targetHints":{"allow":["GET"]}}],"collection":[{"href":"https:\/\/www.miradata.de\/index.php?rest_route=\/wp\/v2\/pages"}],"about":[{"href":"https:\/\/www.miradata.de\/index.php?rest_route=\/wp\/v2\/types\/page"}],"author":[{"embeddable":true,"href":"https:\/\/www.miradata.de\/index.php?rest_route=\/wp\/v2\/users\/1"}],"replies":[{"embeddable":true,"href":"https:\/\/www.miradata.de\/index.php?rest_route=%2Fwp%2Fv2%2Fcomments&post=335"}],"version-history":[{"count":3,"href":"https:\/\/www.miradata.de\/index.php?rest_route=\/wp\/v2\/pages\/335\/revisions"}],"predecessor-version":[{"id":341,"href":"https:\/\/www.miradata.de\/index.php?rest_route=\/wp\/v2\/pages\/335\/revisions\/341"}],"wp:attachment":[{"href":"https:\/\/www.miradata.de\/index.php?rest_route=%2Fwp%2Fv2%2Fmedia&parent=335"}],"curies":[{"name":"wp","href":"https:\/\/api.w.org\/{rel}","templated":true}]}}