{"id":47,"date":"2025-03-03T10:35:54","date_gmt":"2025-03-03T09:35:54","guid":{"rendered":"https:\/\/miradata.de\/?page_id=47"},"modified":"2025-03-31T09:46:41","modified_gmt":"2025-03-31T07:46:41","slug":"miradata-website","status":"publish","type":"page","link":"https:\/\/www.miradata.de\/","title":{"rendered":"Startseite miradata"},"content":{"rendered":"\n<div class=\"wp-block-group alignwide is-layout-flow wp-block-group-is-layout-flow\">\n<h2 class=\"wp-block-heading has-text-color has-link-color wp-elements-7bcfbe7894b71e47faa440e316e280e7\" style=\"color:#ee7220\">Wir bringen Ihre Daten in Ordnung<\/h2>\n\n\n\n<p>Man sagt,<strong> Daten sind das \u00d6l des 21.Jahrhunderts<\/strong>. Sie treiben Innovationen voran, erm\u00f6glichen fundierte Entscheidungen und schaffen wirtschaftlichen Mehrwert. Doch wie jede wertvolle Ressource kann ihre Nutzung zu Abh\u00e4ngigkeiten f\u00fchren, die Ihre Handlungsfreiheit einschr\u00e4nken.<\/p>\n\n\n\n<p>In der heutigen wissensgetriebenen Wirtschaft sind Daten die <strong>Grundlage f\u00fcr strategische Entscheidungen<\/strong>. Doch oft sind sie \u00fcber verschiedene Systeme verstreut, in isolierten Silos gespeichert oder schlichtweg unstrukturiert \u2013 und damit schwer nutzbar.<\/p>\n\n\n\n<p>Damit Ihre Daten ihren vollen Wert entfalten k\u00f6nnen, m\u00fcssen sie vollst\u00e4ndig und konsistent sein. Genau hier kommen wir ins Spiel: <strong>Mit miradata bringen Sie Ordnung in Ihre Datenlandschaft.<\/strong>&nbsp;<\/p>\n\n\n\n<p>Wir helfen Ihnen, Ihre Daten effizient zu verwalten und souver\u00e4n zu nutzen \u2013 <strong>unabh\u00e4ngig von externen Anbietern<\/strong>.<\/p>\n\n\n\n<div class=\"wp-block-columns has-background is-layout-flex wp-container-core-columns-is-layout-28f84493 wp-block-columns-is-layout-flex\" style=\"background-color:#3da3bf\">\n<div class=\"wp-block-column is-layout-flow wp-block-column-is-layout-flow\" style=\"flex-basis:25%\">\n<div class=\"wp-block-group has-global-padding is-layout-constrained wp-block-group-is-layout-constrained\">\n<div class=\"wp-block-group has-global-padding is-layout-constrained wp-container-core-group-is-layout-f4ae58a3 wp-block-group-is-layout-constrained\" style=\"padding-top:0px;padding-right:4px;padding-bottom:0px;padding-left:4px\">\n<figure class=\"wp-block-image size-full\"><a href=\"https:\/\/miradata.de\/?attachment_id=116\"><img loading=\"lazy\" decoding=\"async\" width=\"800\" height=\"900\" src=\"https:\/\/miradata.de\/wp-content\/uploads\/2025\/03\/Home_Icon_Leistungen_Datenmanagement_25.png\" alt=\"Leistungen Datenmanagement\" class=\"wp-image-116\" style=\"object-fit:cover\" srcset=\"https:\/\/www.miradata.de\/wp-content\/uploads\/2025\/03\/Home_Icon_Leistungen_Datenmanagement_25.png 800w, https:\/\/www.miradata.de\/wp-content\/uploads\/2025\/03\/Home_Icon_Leistungen_Datenmanagement_25-267x300.png 267w, https:\/\/www.miradata.de\/wp-content\/uploads\/2025\/03\/Home_Icon_Leistungen_Datenmanagement_25-768x864.png 768w\" sizes=\"auto, (max-width: 800px) 100vw, 800px\" \/><\/a><\/figure>\n\n\n\n<div class=\"wp-block-group has-border-color has-background-background-color has-background is-vertical is-layout-flex wp-container-core-group-is-layout-7687b07d wp-block-group-is-layout-flex\" style=\"border-color:#ee7220;border-width:3px;border-radius:15px;min-height:25rem;margin-top:0;margin-bottom:0;padding-top:24px;padding-right:16px;padding-bottom:24px;padding-left:16px\">\n<h4 class=\"wp-block-heading has-text-color has-link-color wp-elements-be76b62cb77b2d546e15c50ead22861c\" style=\"color:#ee7220\"><a href=\"https:\/\/miradata.de\/?page_id=314\" data-type=\"page\" data-id=\"314\">Datenmanagement<\/a><\/h4>\n\n\n\n<p class=\"wp-container-content-9cfa9a5a\">Mit ma\u00dfgeschneiderten L\u00f6sungen zur Datenmigration, -bereinigung und Schnittstellenentwicklung stellen wir sicher, da\u00df Sie Ihre Daten effizient organisieren und nutzen k\u00f6nnen.<\/p>\n<\/div>\n<\/div>\n<\/div>\n<\/div>\n\n\n\n<div class=\"wp-block-column is-layout-flow wp-block-column-is-layout-flow\" style=\"flex-basis:25%\">\n<div class=\"wp-block-group has-global-padding is-layout-constrained wp-block-group-is-layout-constrained\">\n<figure class=\"wp-block-image size-full\" style=\"padding-top:0px;padding-right:4px;padding-bottom:0px;padding-left:4px\"><img loading=\"lazy\" decoding=\"async\" width=\"800\" height=\"900\" src=\"https:\/\/miradata.de\/wp-content\/uploads\/2025\/03\/Home_Icon_Leistungen_Datensouveraenitaet_25.png\" alt=\"\" class=\"wp-image-117\" style=\"object-fit:cover\" srcset=\"https:\/\/www.miradata.de\/wp-content\/uploads\/2025\/03\/Home_Icon_Leistungen_Datensouveraenitaet_25.png 800w, https:\/\/www.miradata.de\/wp-content\/uploads\/2025\/03\/Home_Icon_Leistungen_Datensouveraenitaet_25-267x300.png 267w, https:\/\/www.miradata.de\/wp-content\/uploads\/2025\/03\/Home_Icon_Leistungen_Datensouveraenitaet_25-768x864.png 768w\" sizes=\"auto, (max-width: 800px) 100vw, 800px\" \/><\/figure>\n\n\n\n<div class=\"wp-block-group has-border-color has-background-background-color has-background is-vertical is-layout-flex wp-container-core-group-is-layout-7687b07d wp-block-group-is-layout-flex\" style=\"border-color:#ee7220;border-width:3px;border-radius:15px;min-height:25rem;margin-top:0;margin-bottom:0;padding-top:24px;padding-right:16px;padding-bottom:24px;padding-left:16px\">\n<h4 class=\"wp-block-heading has-text-align-center has-text-color has-link-color wp-elements-da79b55ad2821d73c226eecfe6f423f7\" style=\"color:#ee7220\"><a href=\"https:\/\/miradata.de\/?page_id=316\" data-type=\"page\" data-id=\"316\">Datensouver\u00e4nit\u00e4t<\/a><\/h4>\n\n\n\n<p class=\"wp-container-content-9cfa9a5a\">In einer digital vernetzten Welt sind Daten eine der wertvollsten Ressourcen&nbsp;\u2013 umso wichtiger, dass Sie jederzeit die Kontrolle dar\u00fcber behalten. Mit miradata sch\u00fctzen Sie sensible Informationen und reduzieren Abh\u00e4ngigkeiten von externen Anbietern \u2013 sicher, unabh\u00e4ngig und DSGVO-konform.<\/p>\n<\/div>\n<\/div>\n<\/div>\n\n\n\n<div class=\"wp-block-column is-layout-flow wp-block-column-is-layout-flow\" style=\"flex-basis:25%\">\n<div class=\"wp-block-group has-global-padding is-layout-constrained wp-block-group-is-layout-constrained\">\n<figure class=\"wp-block-image size-full\" style=\"padding-top:0px;padding-right:4px;padding-bottom:0px;padding-left:4px\"><img loading=\"lazy\" decoding=\"async\" width=\"800\" height=\"900\" src=\"https:\/\/miradata.de\/wp-content\/uploads\/2025\/03\/Home_Icon_Leistungen_Digitalisierung_25.png\" alt=\"\" class=\"wp-image-118\" srcset=\"https:\/\/www.miradata.de\/wp-content\/uploads\/2025\/03\/Home_Icon_Leistungen_Digitalisierung_25.png 800w, https:\/\/www.miradata.de\/wp-content\/uploads\/2025\/03\/Home_Icon_Leistungen_Digitalisierung_25-267x300.png 267w, https:\/\/www.miradata.de\/wp-content\/uploads\/2025\/03\/Home_Icon_Leistungen_Digitalisierung_25-768x864.png 768w\" sizes=\"auto, (max-width: 800px) 100vw, 800px\" \/><\/figure>\n\n\n\n<div class=\"wp-block-group has-border-color has-background-background-color has-background is-vertical is-layout-flex wp-container-core-group-is-layout-7687b07d wp-block-group-is-layout-flex\" style=\"border-color:#ee7220;border-width:3px;border-radius:15px;min-height:25rem;margin-top:0;margin-bottom:0;padding-top:24px;padding-right:16px;padding-bottom:24px;padding-left:16px\">\n<h4 class=\"wp-block-heading has-text-align-center has-text-color has-link-color wp-elements-b8aa3bf79bb0d32da5885dd5d5a71917\" style=\"color:#ee7220\"><a href=\"https:\/\/miradata.de\/?page_id=318\" data-type=\"page\" data-id=\"318\">Digitalisierung<\/a><\/h4>\n\n\n\n<p class=\"wp-container-content-9cfa9a5a\">Analoge Prozesse waren gestern \u2013 heute z\u00e4hlt der digitale Vorsprung. Von der papierlosen Verwaltung bis zur einheitlichen Datenplattform: Mit miradata haben Sie einen erfahrenen Partner, der die Abl\u00e4ufe Ihres Unternehmens effizient digitalisiert.<\/p>\n<\/div>\n<\/div>\n<\/div>\n\n\n\n<div class=\"wp-block-column is-layout-flow wp-block-column-is-layout-flow\" style=\"flex-basis:25%\">\n<div class=\"wp-block-group has-global-padding is-layout-constrained wp-block-group-is-layout-constrained\">\n<figure class=\"wp-block-image size-full\" style=\"padding-top:0px;padding-right:4px;padding-bottom:0px;padding-left:4px\"><img loading=\"lazy\" decoding=\"async\" width=\"800\" height=\"900\" src=\"https:\/\/miradata.de\/wp-content\/uploads\/2025\/03\/Home_Icon_Leistungen_Wissensvermittlung_25.png\" alt=\"\" class=\"wp-image-119\" srcset=\"https:\/\/www.miradata.de\/wp-content\/uploads\/2025\/03\/Home_Icon_Leistungen_Wissensvermittlung_25.png 800w, https:\/\/www.miradata.de\/wp-content\/uploads\/2025\/03\/Home_Icon_Leistungen_Wissensvermittlung_25-267x300.png 267w, https:\/\/www.miradata.de\/wp-content\/uploads\/2025\/03\/Home_Icon_Leistungen_Wissensvermittlung_25-768x864.png 768w\" sizes=\"auto, (max-width: 800px) 100vw, 800px\" \/><\/figure>\n\n\n\n<div class=\"wp-block-group has-border-color has-background-background-color has-background is-vertical is-layout-flex wp-container-core-group-is-layout-7687b07d wp-block-group-is-layout-flex\" style=\"border-color:#ee7220;border-width:3px;border-radius:15px;min-height:25rem;margin-top:0;margin-bottom:0;padding-top:24px;padding-right:16px;padding-bottom:24px;padding-left:16px\">\n<h4 class=\"wp-block-heading has-text-align-center has-text-color has-link-color wp-elements-90544af7c5e8484568bde7a9dabd4de2\" style=\"color:#ee7220\"><a href=\"https:\/\/miradata.de\/?page_id=321\" data-type=\"page\" data-id=\"321\">Wissenstransfer<\/a><\/h4>\n\n\n\n<p class=\"wp-container-content-9cfa9a5a\">Durch gezielte IT-Workshops machen wir Ihr Team fit f\u00fcr die digitale Zukunft. Wir vermitteln das n\u00f6tige Know-how, damit Ihre Mitarbeiterinnen und Mitarbeiter mit den neuesten Technologien und L\u00f6sungen vertraut sind.<\/p>\n<\/div>\n<\/div>\n<\/div>\n<\/div>\n<\/div>\n\n\n\n<p><\/p>\n","protected":false},"excerpt":{"rendered":"<p>Wir bringen Ihre Daten in Ordnung Man sagt, Daten sind das \u00d6l des 21.Jahrhunderts. Sie treiben Innovationen voran, erm\u00f6glichen fundierte Entscheidungen und schaffen wirtschaftlichen Mehrwert. Doch wie jede wertvolle Ressource kann ihre Nutzung zu Abh\u00e4ngigkeiten f\u00fchren, die Ihre Handlungsfreiheit einschr\u00e4nken. In der heutigen wissensgetriebenen Wirtschaft sind Daten die Grundlage f\u00fcr strategische Entscheidungen. Doch oft sind [&hellip;]<\/p>\n","protected":false},"author":1,"featured_media":471,"parent":0,"menu_order":0,"comment_status":"closed","ping_status":"closed","template":"","meta":{"footnotes":""},"class_list":["post-47","page","type-page","status-publish","has-post-thumbnail","hentry"],"_links":{"self":[{"href":"https:\/\/www.miradata.de\/index.php?rest_route=\/wp\/v2\/pages\/47","targetHints":{"allow":["GET"]}}],"collection":[{"href":"https:\/\/www.miradata.de\/index.php?rest_route=\/wp\/v2\/pages"}],"about":[{"href":"https:\/\/www.miradata.de\/index.php?rest_route=\/wp\/v2\/types\/page"}],"author":[{"embeddable":true,"href":"https:\/\/www.miradata.de\/index.php?rest_route=\/wp\/v2\/users\/1"}],"replies":[{"embeddable":true,"href":"https:\/\/www.miradata.de\/index.php?rest_route=%2Fwp%2Fv2%2Fcomments&post=47"}],"version-history":[{"count":125,"href":"https:\/\/www.miradata.de\/index.php?rest_route=\/wp\/v2\/pages\/47\/revisions"}],"predecessor-version":[{"id":463,"href":"https:\/\/www.miradata.de\/index.php?rest_route=\/wp\/v2\/pages\/47\/revisions\/463"}],"wp:featuredmedia":[{"embeddable":true,"href":"https:\/\/www.miradata.de\/index.php?rest_route=\/wp\/v2\/media\/471"}],"wp:attachment":[{"href":"https:\/\/www.miradata.de\/index.php?rest_route=%2Fwp%2Fv2%2Fmedia&parent=47"}],"curies":[{"name":"wp","href":"https:\/\/api.w.org\/{rel}","templated":true}]}}